{"id":260,"date":"2022-12-19T09:38:59","date_gmt":"2022-12-19T09:38:59","guid":{"rendered":"https:\/\/demo.athemes.com\/sydney-photography\/?page_id=260"},"modified":"2024-04-12T07:14:48","modified_gmt":"2024-04-12T07:14:48","slug":"about","status":"publish","type":"page","link":"https:\/\/webstuhl.duckdns.org\/?page_id=260","title":{"rendered":"About"},"content":{"rendered":"<div id=\"pl-260\"  class=\"panel-layout\" ><div id=\"pg-260-0\"  class=\"panel-grid panel-has-style\" ><div style=\"padding: 100px 0; \" data-overlay=\"true\" data-overlay-color=\"#000000\" class=\"panel-row-style panel-row-style-for-260-0\" ><div id=\"pgc-260-0-0\"  class=\"panel-grid-cell\" ><div id=\"panel-260-0-0-0\" class=\"so-panel widget widget_sow-editor panel-first-child panel-last-child\" data-index=\"0\" ><div style=\"text-align: left;\" id=\"Bild_umflieen\" data-title-color=\"#443f3f\" data-headings-color=\"#443f3f\" class=\"panel-widget-style panel-widget-style-for-260-0-0-0\" ><div\n\t\t\t\n\t\t\tclass=\"so-widget-sow-editor so-widget-sow-editor-base\"\n\t\t\t\n\t\t>\n<div class=\"siteorigin-widget-tinymce textwidget\">\n\t<h1>Wie diese Seite entstand ...<\/h1>\n<p><em>\"Ich, Peter Weber, geboren am 19.04.1928 in Wallersheim in der Eifel, sitze an einem regnerischen Dezembermorgen des Jahres 1990, in einer Mansarde unseres 1953\/54 erbauten Einfamilienhauses und befinde mich in einem, bis jetzt eher aussichtslosen Kampf mit einem Instrument der Neuzeit, einem Computer, einer Leihgabe meines Sohnes Erwin. Trotz anf\u00e4nglicher Schwierigkeiten, werde ich diesen Kampf nicht aufgeben, denn meine Familie hat mir gro\u00dfe Unterst\u00fctzung zugesagt.\"<\/em><\/p>\n<p>So fing der Text an, den unser Vater als Erstes in ein neues Dokument tippte. Mehr als 30 Jahre sp\u00e4ter, sitze nun ich vor einem Bildschirm und versuche gemeinsam mit meinem Bruder Herbert diesen Teil des Verm\u00e4chtnisses unseres Vaters mit euch zu teilen. Vaters Texte lagen 34 Jahre fast unbeachtet in einer Schublade und mussten darauf warten, dass ich erst das Rentenalter erreiche, mich also in einem \u00e4hnlichen Alter befinde, wie unser Vater, als er die Beschreibung der Wallersheimer H\u00e4user verfasste.<\/p>\n<div class=\"pixiebrix-notifier-container\" style=\"all: initial;\">\n<div style=\"position: fixed; z-index: 2147483647; inset: 16px; pointer-events: none; font-family: sans-serif;\"><\/div>\n<\/div>\n<div class=\"pixiebrix-notifier-container\" style=\"all: initial;\">\n<div style=\"position: fixed; z-index: 2147483647; inset: 16px; pointer-events: none; font-family: sans-serif;\"><\/div>\n<\/div>\n<\/div>\n<\/div><\/div><\/div><\/div><\/div><\/div><div id=\"pg-260-1\"  class=\"panel-grid panel-has-style\" ><div style=\"padding: 100px 0; \" data-overlay=\"true\" data-overlay-color=\"#000000\" class=\"panel-row-style panel-row-style-for-260-1\" ><div id=\"pgc-260-1-0\"  class=\"panel-grid-cell\" ><div id=\"panel-260-1-0-0\" class=\"so-panel widget widget_siteorigin-panels-builder panel-first-child panel-last-child\" data-index=\"1\" ><div style=\"text-align: left;\" data-title-color=\"#443f3f\" data-headings-color=\"#443f3f\" class=\"panel-widget-style panel-widget-style-for-260-1-0-0\" ><div id=\"pl-w6618df4522d4f\"  class=\"panel-layout\" ><div id=\"pg-w6618df4522d4f-0\"  class=\"panel-grid panel-has-style\" ><div style=\"padding: -100px 0; \" data-overlay=\"true\" data-overlay-color=\"#000000\" class=\"panel-row-style panel-row-style-for-w6618df4522d4f-0\" ><div id=\"pgc-w6618df4522d4f-0-0\"  class=\"panel-grid-cell\" ><div id=\"panel-w6618df4522d4f-0-0-0\" class=\"so-panel widget widget_sow-editor panel-first-child panel-last-child\" data-index=\"0\" ><div style=\"text-align: left;\" data-title-color=\"#443f3f\" data-headings-color=\"#443f3f\" class=\"panel-widget-style panel-widget-style-for-w6618df4522d4f-0-0-0\" ><div\n\t\t\t\n\t\t\tclass=\"so-widget-sow-editor so-widget-sow-editor-base\"\n\t\t\t\n\t\t>\n<div class=\"siteorigin-widget-tinymce textwidget\">\n\t<p>Vater nutzte f\u00fcr die Texterfassung ein IBM Schreibsystem (siehe Bild), eine Art Vorg\u00e4ngermodell heutiger Desktop PCs. Nachdem er einige Jahre vorher einen Schreibmaschinenkurs absolviert hatte, verf\u00fcgte er \u00fcber ideale Voraussetzungen f\u00fcr den Einstieg in das Digitale Zeitalter. Da das Ger\u00e4t nicht \u00fcber eine eingebaute Festplatte verf\u00fcgte, musste die Speicherung der Daten auf Floppy Disks im 8-Zoll-Format erfolgen. Hierbei kam es wohl h\u00e4ufiger zu Bedienungsfehlern, Abst\u00fcrzen und dem Verlust von Dateien.<\/p>\n<div class=\"pixiebrix-notifier-container\" style=\"all: initial;\">\n<div style=\"position: fixed; z-index: 2147483647; inset: 16px; pointer-events: none; font-family: sans-serif;\"><\/div>\n<\/div>\n<div class=\"pixiebrix-notifier-container\" style=\"all: initial;\">\n<div style=\"position: fixed; z-index: 2147483647; inset: 16px; pointer-events: none; font-family: sans-serif;\"><\/div>\n<\/div>\n<div class=\"pixiebrix-notifier-container\" style=\"all: initial;\">\n<div style=\"position: fixed; z-index: 2147483647; inset: 16px; pointer-events: none; font-family: sans-serif;\"><\/div>\n<\/div>\n<\/div>\n<\/div><\/div><\/div><\/div><div id=\"pgc-w6618df4522d4f-0-1\"  class=\"panel-grid-cell\" ><div id=\"panel-w6618df4522d4f-0-1-0\" class=\"so-panel widget widget_sow-image panel-first-child panel-last-child\" data-index=\"1\" ><div style=\"text-align: left;\" data-title-color=\"#443f3f\" data-headings-color=\"#443f3f\" class=\"panel-widget-style panel-widget-style-for-w6618df4522d4f-0-1-0\" ><div\n\t\t\t\n\t\t\tclass=\"so-widget-sow-image so-widget-sow-image-default-8b5b6f678277\"\n\t\t\t\n\t\t>\n<div class=\"sow-image-container\">\n\t\t<img \n\tsrc=\"https:\/\/webstuhl.duckdns.org\/wp-content\/uploads\/2024\/03\/IBM-Schreibsystem-300x218.png\" width=\"300\" height=\"218\" srcset=\"https:\/\/webstuhl.duckdns.org\/wp-content\/uploads\/2024\/03\/IBM-Schreibsystem-300x218.png 300w, https:\/\/webstuhl.duckdns.org\/wp-content\/uploads\/2024\/03\/IBM-Schreibsystem-550x400.png 550w, https:\/\/webstuhl.duckdns.org\/wp-content\/uploads\/2024\/03\/IBM-Schreibsystem-230x167.png 230w, https:\/\/webstuhl.duckdns.org\/wp-content\/uploads\/2024\/03\/IBM-Schreibsystem-350x255.png 350w, https:\/\/webstuhl.duckdns.org\/wp-content\/uploads\/2024\/03\/IBM-Schreibsystem-480x349.png 480w, https:\/\/webstuhl.duckdns.org\/wp-content\/uploads\/2024\/03\/IBM-Schreibsystem.png 697w\" sizes=\"(max-width: 300px) 100vw, 300px\" alt=\"\" \t\tclass=\"so-widget-image\"\/>\n\t<\/div>\n\n<\/div><\/div><\/div><\/div><div id=\"pgc-w6618df4522d4f-0-2\"  class=\"panel-grid-cell\" ><div id=\"panel-w6618df4522d4f-0-2-0\" class=\"so-panel widget widget_sow-image panel-first-child panel-last-child\" data-index=\"2\" ><div style=\"text-align: left;\" data-title-color=\"#443f3f\" data-headings-color=\"#443f3f\" class=\"panel-widget-style panel-widget-style-for-w6618df4522d4f-0-2-0\" ><div\n\t\t\t\n\t\t\tclass=\"so-widget-sow-image so-widget-sow-image-default-8b5b6f678277\"\n\t\t\t\n\t\t>\n<div class=\"sow-image-container\">\n\t\t<img \n\tsrc=\"https:\/\/webstuhl.duckdns.org\/wp-content\/uploads\/2024\/04\/82-Floppy-Disks_red-300x225.jpg\" width=\"300\" height=\"225\" srcset=\"https:\/\/webstuhl.duckdns.org\/wp-content\/uploads\/2024\/04\/82-Floppy-Disks_red-300x225.jpg 300w, https:\/\/webstuhl.duckdns.org\/wp-content\/uploads\/2024\/04\/82-Floppy-Disks_red-1024x767.jpg 1024w, https:\/\/webstuhl.duckdns.org\/wp-content\/uploads\/2024\/04\/82-Floppy-Disks_red-768x575.jpg 768w, https:\/\/webstuhl.duckdns.org\/wp-content\/uploads\/2024\/04\/82-Floppy-Disks_red-1000x749.jpg 1000w, https:\/\/webstuhl.duckdns.org\/wp-content\/uploads\/2024\/04\/82-Floppy-Disks_red-230x172.jpg 230w, https:\/\/webstuhl.duckdns.org\/wp-content\/uploads\/2024\/04\/82-Floppy-Disks_red-350x262.jpg 350w, https:\/\/webstuhl.duckdns.org\/wp-content\/uploads\/2024\/04\/82-Floppy-Disks_red-480x360.jpg 480w, https:\/\/webstuhl.duckdns.org\/wp-content\/uploads\/2024\/04\/82-Floppy-Disks_red.jpg 1514w\" sizes=\"(max-width: 300px) 100vw, 300px\" title=\"82-Floppy Disks_red\" alt=\"\" \t\tclass=\"so-widget-image\"\/>\n\t<\/div>\n\n<\/div><\/div><\/div><\/div><\/div><\/div><div id=\"pg-w6618df4522d4f-1\"  class=\"panel-grid panel-has-style\" ><div style=\"padding: 100px 0; \" data-overlay=\"true\" data-overlay-color=\"#000000\" class=\"panel-row-style panel-row-style-for-w6618df4522d4f-1\" ><div id=\"pgc-w6618df4522d4f-1-0\"  class=\"panel-grid-cell\" ><div id=\"panel-w6618df4522d4f-1-0-0\" class=\"so-panel widget widget_sow-editor panel-first-child panel-last-child\" data-index=\"3\" ><div style=\"text-align: left;\" data-title-color=\"#443f3f\" data-headings-color=\"#443f3f\" class=\"panel-widget-style panel-widget-style-for-w6618df4522d4f-1-0-0\" ><div\n\t\t\t\n\t\t\tclass=\"so-widget-sow-editor so-widget-sow-editor-base\"\n\t\t\t\n\t\t>\n<div class=\"siteorigin-widget-tinymce textwidget\">\n\t<p>Nach dem pl\u00f6tzlichen Tod unseres Vaters stand das Schreibsystem dann viele Jahre \"arbeitslos\" in meinem ehemaligen Kinderzimmer. Bei der Aufl\u00f6sung unseres Hausstandes verblieb das Schreibsystem im Haus. Gl\u00fccklicherweise konnte ich noch einen letzten Ausdruck der zentralen Dokumente erstellen. Die Qualit\u00e4t des Farbbandes lie\u00df leider sehr stark zu w\u00fcnschen \u00fcbrig. Als ich mich mit der Idee, die Texte auf einer Web-Seite verf\u00fcgbar zu machen, auseinandersetzte, stand ich vor der Herausforderung, die Texte abzutippen oder auf anderem Wege wieder zu digitalisieren. Moderne Texterkennung (OCR) und k\u00fcnstliche Intelligenz (ChatGPT) sei Dank, blieb mir dies erspart.<\/p>\n<p>Ung\u00fcnstigerweise musste ich feststellen, dass es lediglich zu 88 der von Vater bezifferten 110 H\u00e4usern eine Textbeschreibung gibt. Ob Vaters Werk unvollendet blieb, oder aber ob die fehlenden Beschreibungen schlichtweg nicht ausgedruckt oder anderweitig verschollen sind, wird f\u00fcr immer ein R\u00e4tsel bleiben.<\/p>\n<p>Wenn Sie entsprechende Informationen zu den fehlenden Beschreibungen beitragen m\u00f6chten, sind Sie herzlich eingeladen.<\/p>\n<p>Ziel ist es ferner zu jedem der beschriebenen H\u00e4user ein oder mehrere Fotos zeigen zu k\u00f6nnen. Sollten Sie also \u00fcber entsprechende Fotos der beschriebenen H\u00e4user verf\u00fcgen, w\u00fcrde ich mich sehr freuen, wenn Sie mir diese Bitte zur Verf\u00fcgung stellen w\u00fcrden. Wie Sie mit mir\/uns Kontakt aufnehmen k\u00f6nnen und wo Sie Fotos hochladen k\u00f6nnen, finden Sie auf der Kontakt-Seite.<\/p>\n<div class=\"pixiebrix-notifier-container\" style=\"all: initial;\">\n<div style=\"position: fixed; z-index: 2147483647; inset: 16px; pointer-events: none; font-family: sans-serif;\"><\/div>\n<\/div>\n<div class=\"pixiebrix-notifier-container\" style=\"all: initial;\">\n<div style=\"position: fixed; z-index: 2147483647; inset: 16px; pointer-events: none; font-family: sans-serif;\"><\/div>\n<\/div>\n<\/div>\n<\/div><\/div><\/div><\/div><\/div><\/div><\/div><\/div><\/div><\/div><\/div><\/div><div id=\"pg-260-2\"  class=\"panel-grid panel-has-style\" ><div style=\"padding: 100px 0; \" data-overlay=\"true\" data-overlay-color=\"#000000\" class=\"panel-row-style panel-row-style-for-260-2\" ><div id=\"pgc-260-2-0\"  class=\"panel-grid-cell\" ><div id=\"panel-260-2-0-0\" class=\"so-panel widget widget_sow-editor panel-first-child panel-last-child\" data-index=\"2\" ><div style=\"text-align: left;\" data-title-color=\"#443f3f\" data-headings-color=\"#443f3f\" class=\"panel-widget-style panel-widget-style-for-260-2-0-0\" ><div\n\t\t\t\n\t\t\tclass=\"so-widget-sow-editor so-widget-sow-editor-base\"\n\t\t\t\n\t\t>\n<div class=\"siteorigin-widget-tinymce textwidget\">\n\t<p>Die Inhalte des W\u00f6rterbuchs der Wallersheimer Sprache hat mir freundlicherweise mein Vetter G\u00fcnter zur Verf\u00fcgung gestellt, der diese mit unserem Bruder Willi zusammengetragen hat. Merci.<\/p>\n<h5>Disclaimer:<\/h5>\n<p>F\u00fcr die Vollst\u00e4ndigkeit und Richtigkeit der Angaben k\u00f6nnen wir keine Garantie \u00fcbernehmen. Die Aufbereitung der Texte, sowie die Platzierung der Markierungen erfolgte nach bestem Wissen und Gewissen. Sollte uns ein Fehler unterlaufen sein, freuen wir uns \u00fcber konstruktives Feedback.<\/p>\n<p>Sollten Sie Vorbehalte oder Einw\u00e4nde hinsichtlich der Nennung Ihres Namens haben, bitten wir ebenfalls um Kontaktaufnahme. Sofern sie es w\u00fcnschen, k\u00f6nnen wir die Sie betreffenden Texte entsprechend anpassen bzw. anonymisieren.<\/p>\n<div class=\"pixiebrix-notifier-container\" style=\"all: initial;\">\n<div style=\"position: fixed; z-index: 2147483647; inset: 16px; pointer-events: none; font-family: sans-serif;\"><\/div>\n<\/div>\n<\/div>\n<\/div><\/div><\/div><\/div><\/div><\/div><\/div>","protected":false},"excerpt":{"rendered":"<p>Wie diese Seite entstand &#8230; &#8222;Ich, Peter Weber, geboren am 19.04.1928 in Wallersheim in der Eifel, sitze an einem regnerischen Dezembermorgen des [&hellip;]<\/p>\n","protected":false},"author":1,"featured_media":0,"parent":0,"menu_order":0,"comment_status":"closed","ping_status":"closed","template":"page-templates\/page_front-page.php","meta":{"om_disable_all_campaigns":false,"_monsterinsights_skip_tracking":false,"_monsterinsights_sitenote_active":false,"_monsterinsights_sitenote_note":"","_monsterinsights_sitenote_category":0,"_uf_show_specific_survey":0,"_uf_disable_surveys":false,"footnotes":""},"class_list":["post-260","page","type-page","status-publish","hentry"],"aioseo_notices":[],"_links":{"self":[{"href":"https:\/\/webstuhl.duckdns.org\/index.php?rest_route=\/wp\/v2\/pages\/260","targetHints":{"allow":["GET"]}}],"collection":[{"href":"https:\/\/webstuhl.duckdns.org\/index.php?rest_route=\/wp\/v2\/pages"}],"about":[{"href":"https:\/\/webstuhl.duckdns.org\/index.php?rest_route=\/wp\/v2\/types\/page"}],"author":[{"embeddable":true,"href":"https:\/\/webstuhl.duckdns.org\/index.php?rest_route=\/wp\/v2\/users\/1"}],"replies":[{"embeddable":true,"href":"https:\/\/webstuhl.duckdns.org\/index.php?rest_route=%2Fwp%2Fv2%2Fcomments&post=260"}],"version-history":[{"count":3,"href":"https:\/\/webstuhl.duckdns.org\/index.php?rest_route=\/wp\/v2\/pages\/260\/revisions"}],"predecessor-version":[{"id":2499,"href":"https:\/\/webstuhl.duckdns.org\/index.php?rest_route=\/wp\/v2\/pages\/260\/revisions\/2499"}],"wp:attachment":[{"href":"https:\/\/webstuhl.duckdns.org\/index.php?rest_route=%2Fwp%2Fv2%2Fmedia&parent=260"}],"curies":[{"name":"wp","href":"https:\/\/api.w.org\/{rel}","templated":true}]}}