{"id":364,"date":"2022-12-16T09:47:20","date_gmt":"2022-12-16T09:47:20","guid":{"rendered":"https:\/\/demo.athemes.com\/sydney-photography\/?page_id=23"},"modified":"2024-12-12T09:35:26","modified_gmt":"2024-12-12T09:35:26","slug":"my-front-page","status":"publish","type":"page","link":"https:\/\/webstuhl.duckdns.org\/","title":{"rendered":"0_My Front Page"},"content":{"rendered":"<div id=\"pl-364\"  class=\"panel-layout\" ><div id=\"pg-364-0\"  class=\"panel-grid panel-has-style\" ><div style=\"padding: -50px 0; \" data-overlay=\"true\" data-overlay-color=\"#000000\" class=\"panel-row-style panel-row-style-for-364-0\" ><div id=\"pgc-364-0-0\"  class=\"panel-grid-cell\" ><div id=\"panel-364-0-0-0\" class=\"so-panel widget widget_sow-editor panel-first-child panel-last-child\" data-index=\"0\" ><div style=\"text-align: left;\" data-title-color=\"#443f3f\" data-headings-color=\"#443f3f\" class=\"panel-widget-style panel-widget-style-for-364-0-0-0\" ><div\n\t\t\t\n\t\t\tclass=\"so-widget-sow-editor so-widget-sow-editor-base\"\n\t\t\t\n\t\t>\n<div class=\"siteorigin-widget-tinymce textwidget\">\n\t<h1>100 Wallersheimer H\u00e4user und ihre Bewohner*innen vor fast 100 Jahren.<\/h1>\n<div class=\"content\" tabindex=\"0\" aria-description=\"\">\n<div class=\"ac-container ac-adaptiveCard\">\n<div class=\"ac-textBlock\"><\/div>\n<\/div>\n<\/div>\n<div class=\"pixiebrix-notifier-container\" style=\"all: initial;\">\n<div style=\"position: fixed; z-index: 2147483647; inset: 16px; pointer-events: none; font-family: sans-serif;\"><\/div>\n<\/div>\n<div class=\"pixiebrix-notifier-container\" style=\"all: initial;\">\n<div style=\"position: fixed; z-index: 2147483647; inset: 16px; pointer-events: none; font-family: sans-serif;\"><\/div>\n<\/div>\n<div class=\"pixiebrix-notifier-container\" style=\"all: initial;\">\n<div style=\"position: fixed; z-index: 2147483647; inset: 16px; pointer-events: none; font-family: sans-serif;\"><\/div>\n<\/div>\n<div class=\"pixiebrix-notifier-container\" style=\"all: initial;\">\n<div style=\"position: fixed; z-index: 2147483647; inset: 16px; pointer-events: none; font-family: sans-serif;\"><\/div>\n<\/div>\n<div class=\"pixiebrix-notifier-container\" style=\"all: initial;\">\n<div style=\"position: fixed; z-index: 2147483647; inset: 16px; pointer-events: none; font-family: sans-serif;\"><\/div>\n<\/div>\n<div class=\"pixiebrix-notifier-container\" style=\"all: initial;\">\n<div style=\"position: fixed; z-index: 2147483647; inset: 16px; pointer-events: none; font-family: sans-serif;\"><\/div>\n<\/div>\n<div class=\"pixiebrix-notifier-container\" style=\"all: initial;\">\n<div style=\"position: fixed; z-index: 2147483647; inset: 16px; pointer-events: none; font-family: sans-serif;\"><\/div>\n<\/div>\n<div class=\"pixiebrix-notifier-container\" style=\"all: initial;\">\n<div style=\"position: fixed; z-index: 2147483647; inset: 16px; pointer-events: none; font-family: sans-serif;\"><\/div>\n<\/div>\n<div class=\"pixiebrix-notifier-container\" style=\"all: initial;\">\n<div style=\"position: fixed; z-index: 2147483647; inset: 16px; pointer-events: none; font-family: sans-serif;\"><\/div>\n<\/div>\n<div class=\"pixiebrix-notifier-container\" style=\"all: initial;\">\n<div style=\"position: fixed; z-index: 2147483647; inset: 16px; pointer-events: none; font-family: sans-serif;\"><\/div>\n<\/div>\n<div class=\"pixiebrix-notifier-container\" style=\"all: initial;\">\n<div style=\"position: fixed; z-index: 2147483647; inset: 16px; pointer-events: none; font-family: sans-serif;\"><\/div>\n<\/div>\n<div class=\"pixiebrix-notifier-container\" style=\"all: initial;\">\n<div style=\"position: fixed; z-index: 2147483647; inset: 16px; pointer-events: none; font-family: sans-serif;\"><\/div>\n<\/div>\n<\/div>\n<\/div><\/div><\/div><\/div><div id=\"pgc-364-0-1\"  class=\"panel-grid-cell\" ><div id=\"panel-364-0-1-0\" class=\"so-panel widget widget_sow-editor panel-first-child panel-last-child\" data-index=\"1\" ><div style=\"text-align: left;\" data-title-color=\"#443f3f\" data-headings-color=\"#443f3f\" class=\"panel-widget-style panel-widget-style-for-364-0-1-0\" ><div\n\t\t\t\n\t\t\tclass=\"so-widget-sow-editor so-widget-sow-editor-base\"\n\t\t\t\n\t\t>\n<div class=\"siteorigin-widget-tinymce textwidget\">\n\t<div class=\"content\" tabindex=\"0\" aria-description=\"\">\n<div class=\"ac-container ac-adaptiveCard\">\n<p style=\"text-align: right;\">\n<div class=\"ac-textBlock\" style=\"line-height: 0.5;\">\n<p style=\"text-align: right;\"><em>\"Mein* Heimatort w\u00e4hrend meiner Jugendzeit<\/em><\/p>\n<p style=\"text-align: right;\"><em>(die Drei\u00dfiger, Vierziger- und F\u00fcnfziger Jahre).<\/em><\/p>\n<p style=\"text-align: right;\"><em>Erlebtes und \u00dcberliefertes aus Wallersheim.\"<\/em><\/p>\n<p style=\"text-align: right;\">Peter Weber (Schnegger Pitter)<\/p>\n<\/div>\n<\/div>\n<\/div>\n<div class=\"pixiebrix-notifier-container\" style=\"all: initial;\">\n<div style=\"position: fixed; z-index: 2147483647; inset: 16px; pointer-events: none; font-family: sans-serif;\"><\/div>\n<\/div>\n<div class=\"pixiebrix-notifier-container\" style=\"all: initial;\">\n<div style=\"position: fixed; z-index: 2147483647; inset: 16px; pointer-events: none; font-family: sans-serif;\"><\/div>\n<\/div>\n<div class=\"pixiebrix-notifier-container\" style=\"all: initial;\">\n<div style=\"position: fixed; z-index: 2147483647; inset: 16px; pointer-events: none; font-family: sans-serif;\"><\/div>\n<\/div>\n<div class=\"pixiebrix-notifier-container\" style=\"all: initial;\">\n<div style=\"position: fixed; z-index: 2147483647; inset: 16px; pointer-events: none; font-family: sans-serif;\"><\/div>\n<\/div>\n<div class=\"pixiebrix-notifier-container\" style=\"all: initial;\">\n<div style=\"position: fixed; z-index: 2147483647; inset: 16px; pointer-events: none; font-family: sans-serif;\"><\/div>\n<\/div>\n<\/div>\n<\/div><\/div><\/div><\/div><\/div><\/div><div id=\"pg-364-1\"  class=\"panel-grid panel-has-style\" ><div style=\"padding: 100px 0; \" data-overlay=\"true\" data-overlay-color=\"#000000\" class=\"panel-row-style panel-row-style-for-364-1\" ><div id=\"pgc-364-1-0\"  class=\"panel-grid-cell panel-grid-cell-empty\" ><\/div><\/div><\/div><\/div>","protected":false},"excerpt":{"rendered":"<p>100 Wallersheimer H\u00e4user und ihre Bewohner*innen vor fast 100 Jahren. &#8222;Mein* Heimatort w\u00e4hrend meiner Jugendzeit (die Drei\u00dfiger, Vierziger- und F\u00fcnfziger Jahre). Erlebtes [&hellip;]<\/p>\n","protected":false},"author":1,"featured_media":0,"parent":0,"menu_order":0,"comment_status":"closed","ping_status":"closed","template":"page-templates\/page_front-page.php","meta":{"om_disable_all_campaigns":false,"_monsterinsights_skip_tracking":false,"_monsterinsights_sitenote_active":false,"_monsterinsights_sitenote_note":"","_monsterinsights_sitenote_category":0,"_uf_show_specific_survey":0,"_uf_disable_surveys":false,"footnotes":""},"class_list":["post-364","page","type-page","status-publish","hentry"],"aioseo_notices":[],"_links":{"self":[{"href":"https:\/\/webstuhl.duckdns.org\/index.php?rest_route=\/wp\/v2\/pages\/364","targetHints":{"allow":["GET"]}}],"collection":[{"href":"https:\/\/webstuhl.duckdns.org\/index.php?rest_route=\/wp\/v2\/pages"}],"about":[{"href":"https:\/\/webstuhl.duckdns.org\/index.php?rest_route=\/wp\/v2\/types\/page"}],"author":[{"embeddable":true,"href":"https:\/\/webstuhl.duckdns.org\/index.php?rest_route=\/wp\/v2\/users\/1"}],"replies":[{"embeddable":true,"href":"https:\/\/webstuhl.duckdns.org\/index.php?rest_route=%2Fwp%2Fv2%2Fcomments&post=364"}],"version-history":[{"count":42,"href":"https:\/\/webstuhl.duckdns.org\/index.php?rest_route=\/wp\/v2\/pages\/364\/revisions"}],"predecessor-version":[{"id":2678,"href":"https:\/\/webstuhl.duckdns.org\/index.php?rest_route=\/wp\/v2\/pages\/364\/revisions\/2678"}],"wp:attachment":[{"href":"https:\/\/webstuhl.duckdns.org\/index.php?rest_route=%2Fwp%2Fv2%2Fmedia&parent=364"}],"curies":[{"name":"wp","href":"https:\/\/api.w.org\/{rel}","templated":true}]}}